{"id":11,"date":"2015-11-25T17:51:18","date_gmt":"2015-11-25T16:51:18","guid":{"rendered":"http:\/\/events.web2.wildweb.no\/?page_id=9712"},"modified":"2022-09-15T11:18:42","modified_gmt":"2022-09-15T09:18:42","slug":"om-oss","status":"publish","type":"page","link":"https:\/\/anzaproacademy.se\/om-oss\/","title":{"rendered":"Anza Pro Academy"},"content":{"rendered":"\n<div class=\"wp-block-columns is-style-gapless is-layout-flex wp-container-core-columns-is-layout-9d6595d7 wp-block-columns-is-layout-flex\">\n<div class=\"wp-block-column is-vertically-aligned-center is-layout-flow wp-block-column-is-layout-flow\">\n<figure class=\"wp-block-image size-large image-left\"><img loading=\"lazy\" decoding=\"async\" width=\"1024\" height=\"684\" src=\"https:\/\/anzaproacademy.nl\/app\/uploads\/sites\/16\/2021\/03\/Anza-PRO_Habohuset-1024x684.jpg\" alt=\"Habohuset\" class=\"wp-image-9001\" srcset=\"https:\/\/pro.anzaacademy.se\/app\/uploads\/sites\/20\/2021\/03\/Anza-PRO_Habohuset-1024x684.jpg 1024w, https:\/\/pro.anzaacademy.se\/app\/uploads\/sites\/20\/2021\/03\/Anza-PRO_Habohuset-300x200.jpg 300w, https:\/\/pro.anzaacademy.se\/app\/uploads\/sites\/20\/2021\/03\/Anza-PRO_Habohuset-768x513.jpg 768w, https:\/\/pro.anzaacademy.se\/app\/uploads\/sites\/20\/2021\/03\/Anza-PRO_Habohuset-1536x1025.jpg 1536w, https:\/\/pro.anzaacademy.se\/app\/uploads\/sites\/20\/2021\/03\/Anza-PRO_Habohuset.jpg 1600w\" sizes=\"auto, (max-width: 1024px) 100vw, 1024px\" \/><\/figure>\n\n\n<\/div>\n\n\n\n<div class=\"wp-block-column dark is-layout-flow wp-block-column-is-layout-flow\">\n<h2 class=\"wp-block-heading\">OM ANZA PRO<\/h2>\n\n\n\n<p>P\u00e5 Anza Pro vet vi att vara m\u00e5lare \u00e4r ett av de tuffaste yrkena man kan ha. D\u00e4rf\u00f6r k\u00e4mpar vi med sj\u00e4l och hj\u00e4rta f\u00f6r en plats i m\u00e5larnas verktygsl\u00e5da. Genom att studera yrkesm\u00e5larnas vardag tar vi reda p\u00e5 hur v\u00e5rt jobb kan g\u00f6ra skillnad. N\u00e4r en m\u00e5lare s\u00e4ger att ett av v\u00e5ra verktyg har den r\u00e4tta k\u00e4nslan s\u00e5 vet vi att vi har lyckats. Och vi vet vad som kr\u00e4vs. F\u00f6r bakom den d\u00e4r k\u00e4nslan ligger v\u00e4rldsledande teknologi och utveckling, ergonomisk design och otaliga tester.<\/p>\n<\/div>\n<\/div>\n\n\n\n<div class=\"wp-block-columns is-style-gapless is-layout-flex wp-container-core-columns-is-layout-9d6595d7 wp-block-columns-is-layout-flex\">\n<div class=\"wp-block-column dark is-layout-flow wp-block-column-is-layout-flow\">\n<h2 class=\"wp-block-heading\">OM ANZA PRO ACADEMY<\/h2>\n\n\n\n<p>Vi har utformat detta onlineutbildningskoncept f\u00f6r butikspersonal som vill utveckla sina kunskaper om professionella m\u00e5leriverktyg. Du f\u00e5r v\u00e4rdefull kunskap om anv\u00e4ndningsomr\u00e5den, ergonomi och annan produktinformation s\u00e5 att du l\u00e4ttare kan tillm\u00f6tesg\u00e5 era kunders behov, fr\u00e5gor och funderingar. Inga f\u00f6rkunskaper kr\u00e4vs!<\/p>\n\n\n<\/div>\n\n\n\n<div class=\"wp-block-column is-vertically-aligned-center is-layout-flow wp-block-column-is-layout-flow\">\n<figure class=\"wp-block-image size-large\"><img loading=\"lazy\" decoding=\"async\" width=\"919\" height=\"720\" src=\"https:\/\/anzaproacademy.nl\/app\/uploads\/sites\/16\/2021\/04\/anza15-cropped.jpg\" alt=\"\" class=\"wp-image-9042\" srcset=\"https:\/\/pro.anzaacademy.se\/app\/uploads\/sites\/20\/2021\/04\/anza15-cropped.jpg 919w, https:\/\/pro.anzaacademy.se\/app\/uploads\/sites\/20\/2021\/04\/anza15-cropped-300x235.jpg 300w, https:\/\/pro.anzaacademy.se\/app\/uploads\/sites\/20\/2021\/04\/anza15-cropped-768x602.jpg 768w\" sizes=\"auto, (max-width: 919px) 100vw, 919px\" \/><\/figure>\n<\/div>\n<\/div>\n\n\n\n<div class=\"wp-block-columns is-style-gapless is-layout-flex wp-container-core-columns-is-layout-9d6595d7 wp-block-columns-is-layout-flex\">\n<div class=\"wp-block-column is-vertically-aligned-center is-layout-flow wp-block-column-is-layout-flow\">\n<figure class=\"wp-block-image size-large image-left\"><img loading=\"lazy\" decoding=\"async\" width=\"1024\" height=\"535\" src=\"https:\/\/anzaproacademy.nl\/app\/uploads\/sites\/16\/2021\/04\/anza14-cropped-1024x535.jpg\" alt=\"\" class=\"wp-image-9040\" srcset=\"https:\/\/pro.anzaacademy.se\/app\/uploads\/sites\/20\/2021\/04\/anza14-cropped-1024x535.jpg 1024w, https:\/\/pro.anzaacademy.se\/app\/uploads\/sites\/20\/2021\/04\/anza14-cropped-300x157.jpg 300w, https:\/\/pro.anzaacademy.se\/app\/uploads\/sites\/20\/2021\/04\/anza14-cropped-768x402.jpg 768w, https:\/\/pro.anzaacademy.se\/app\/uploads\/sites\/20\/2021\/04\/anza14-cropped.jpg 1417w\" sizes=\"auto, (max-width: 1024px) 100vw, 1024px\" \/><\/figure>\n<\/div>\n\n\n\n<div class=\"wp-block-column dark is-layout-flow wp-block-column-is-layout-flow\">\n<h2 class=\"wp-block-heading\">VILL DU HA EN KOMPLETTERANDE UTBILDNING?<\/h2>\n\n\n\n<p>Vi anordnar \u00e4ven fysiska utbildningar d\u00e4r du f\u00e5r chansen att l\u00e4ra dig mer och testa produkterna i action. Vi erbjuder utbildningar b\u00e5de ute i butik och i v\u00e5rt egna Training Center som ligger i anslutning till v\u00e5r fabrik i sm\u00e5l\u00e4ndska Bankeryd. Kontakta din s\u00e4ljrepresentant f\u00f6r mer information.<\/p>\n<\/div>\n<\/div>\n","protected":false},"excerpt":{"rendered":"<p>OM ANZA PRO P\u00e5 Anza Pro vet vi att vara m\u00e5lare \u00e4r ett av de tuffaste yrkena man kan ha. D\u00e4rf\u00f6r k\u00e4mpar vi med sj\u00e4l och hj\u00e4rta f\u00f6r en plats i m\u00e5larnas verktygsl\u00e5da. Genom att studera yrkesm\u00e5larnas vardag tar vi reda p\u00e5 hur v\u00e5rt jobb kan g\u00f6ra skillnad. N\u00e4r en m\u00e5lare s\u00e4ger att ett av [&hellip;]<\/p>\n","protected":false},"author":1,"featured_media":0,"parent":0,"menu_order":0,"comment_status":"closed","ping_status":"closed","template":"","meta":{"_acf_changed":false,"footnotes":""},"class_list":["post-11","page","type-page","status-publish","hentry"],"acf":[],"_links":{"self":[{"href":"https:\/\/anzaproacademy.se\/wp\/wp-json\/wp\/v2\/pages\/11","targetHints":{"allow":["GET"]}}],"collection":[{"href":"https:\/\/anzaproacademy.se\/wp\/wp-json\/wp\/v2\/pages"}],"about":[{"href":"https:\/\/anzaproacademy.se\/wp\/wp-json\/wp\/v2\/types\/page"}],"author":[{"embeddable":true,"href":"https:\/\/anzaproacademy.se\/wp\/wp-json\/wp\/v2\/users\/1"}],"replies":[{"embeddable":true,"href":"https:\/\/anzaproacademy.se\/wp\/wp-json\/wp\/v2\/comments?post=11"}],"version-history":[{"count":17,"href":"https:\/\/anzaproacademy.se\/wp\/wp-json\/wp\/v2\/pages\/11\/revisions"}],"predecessor-version":[{"id":9418,"href":"https:\/\/anzaproacademy.se\/wp\/wp-json\/wp\/v2\/pages\/11\/revisions\/9418"}],"wp:attachment":[{"href":"https:\/\/anzaproacademy.se\/wp\/wp-json\/wp\/v2\/media?parent=11"}],"curies":[{"name":"wp","href":"https:\/\/api.w.org\/{rel}","templated":true}]}}