{"id":8381,"date":"2020-01-06T09:45:57","date_gmt":"2020-01-06T08:45:57","guid":{"rendered":"https:\/\/se.anzaproacademy.nl\/?page_id=8381"},"modified":"2023-12-19T18:47:34","modified_gmt":"2023-12-19T17:47:34","slug":"wachtwoord-vergeten","status":"publish","type":"page","link":"https:\/\/anzaproacademy.se\/wachtwoord-vergeten\/","title":{"rendered":"Gl\u00f6mt l\u00f6senord"},"content":{"rendered":"\r\n<div id=\"password-lost-form-wrap\">\r\n\r\n\t\r\n\t\r\n\t<form id=\"lostpasswordform\" method=\"post\" class=\"account-page-form\">\r\n\t\t<fieldset>\r\n\t\t\t<legend>\u00c5terst\u00e4ll l\u00f6senord<\/legend>\r\n\r\n\t\t\t<div class=\"somfrp-lost-pass-form-text\">\r\n\t\t\t\t<p class=\"extra-space\">Ange din e-postadress eller anv\u00e4ndarnamn. Du f\u00e5r en l\u00e4nk f\u00f6r att skapa ett nytt l\u00f6senord via e-post.<\/p>\t\t\t<\/div>\r\n\r\n\t\t\t<p class=\"no-margin\">\r\n\t\t\t\t<label for=\"somfrp_user_info\">E-postadress eller anv\u00e4ndarnamn<\/label>\r\n\t\t\t\t<input type=\"text\" name=\"somfrp_user_info\" id=\"somfrp_user_info\" required autocomplete=\"username\">\r\n\t\t\t<\/p>\r\n\t\t\t\r\n\r\n\t\t\t<div class=\"lostpassword-submit\">\r\n\t\t\t\t<input type=\"hidden\" id=\"somfrp_nonce\" name=\"somfrp_nonce\" value=\"b50918d321\" \/><input type=\"hidden\" name=\"_wp_http_referer\" value=\"\/wp\/wp-json\/wp\/v2\/pages\/8381\" \/>\t\t\t\t<input type=\"hidden\" name=\"submitted\" id=\"submitted\" value=\"true\">\r\n\t\t\t\t<input type=\"hidden\" name=\"somfrp_action\" id=\"somfrp_post_action\" value=\"somfrp_lost_pass\">\r\n\t\t\t\t<button type=\"submit\" id=\"reset-pass-submit\" name=\"reset-pass-submit\" class=\"button big-btn\">\u00c5terst\u00e4ll l\u00f6senord<\/button>\r\n\t\t\t<\/div>\r\n\r\n\t\t<\/fieldset>\r\n\t<\/form>\r\n\r\n<\/div>\n","protected":false},"excerpt":{"rendered":"","protected":false},"author":1,"featured_media":0,"parent":0,"menu_order":0,"comment_status":"closed","ping_status":"closed","template":"profile.php","meta":{"_acf_changed":false,"footnotes":""},"class_list":["post-8381","page","type-page","status-publish","hentry"],"acf":[],"_links":{"self":[{"href":"https:\/\/anzaproacademy.se\/wp\/wp-json\/wp\/v2\/pages\/8381","targetHints":{"allow":["GET"]}}],"collection":[{"href":"https:\/\/anzaproacademy.se\/wp\/wp-json\/wp\/v2\/pages"}],"about":[{"href":"https:\/\/anzaproacademy.se\/wp\/wp-json\/wp\/v2\/types\/page"}],"author":[{"embeddable":true,"href":"https:\/\/anzaproacademy.se\/wp\/wp-json\/wp\/v2\/users\/1"}],"replies":[{"embeddable":true,"href":"https:\/\/anzaproacademy.se\/wp\/wp-json\/wp\/v2\/comments?post=8381"}],"version-history":[{"count":3,"href":"https:\/\/anzaproacademy.se\/wp\/wp-json\/wp\/v2\/pages\/8381\/revisions"}],"predecessor-version":[{"id":9251,"href":"https:\/\/anzaproacademy.se\/wp\/wp-json\/wp\/v2\/pages\/8381\/revisions\/9251"}],"wp:attachment":[{"href":"https:\/\/anzaproacademy.se\/wp\/wp-json\/wp\/v2\/media?parent=8381"}],"curies":[{"name":"wp","href":"https:\/\/api.w.org\/{rel}","templated":true}]}}